{"id":1837,"date":"2023-09-12T11:49:24","date_gmt":"2023-09-12T15:49:24","guid":{"rendered":"https:\/\/moulin.ca\/museologie\/"},"modified":"2025-11-11T14:15:20","modified_gmt":"2025-11-11T19:15:20","slug":"museum","status":"publish","type":"page","link":"https:\/\/moulin.ca\/en\/museum\/","title":{"rendered":"Museum"},"content":{"rendered":"<p><div class=\"fusion-fullwidth fullwidth-box fusion-builder-row-1 fusion-flex-container has-pattern-background has-mask-background nonhundred-percent-fullwidth non-hundred-percent-height-scrolling\" style=\"--awb-border-radius-top-left:0px;--awb-border-radius-top-right:0px;--awb-border-radius-bottom-right:0px;--awb-border-radius-bottom-left:0px;--awb-flex-wrap:wrap;\" ><div class=\"fusion-builder-row fusion-row fusion-flex-align-items-flex-start fusion-flex-content-wrap\" style=\"max-width:1696px;margin-left: calc(-6% \/ 2 );margin-right: calc(-6% \/ 2 );\"><div class=\"fusion-layout-column fusion_builder_column fusion-builder-column-0 fusion_builder_column_1_1 1_1 fusion-flex-column fusion-animated max-width\" style=\"--awb-bg-size:cover;--awb-width-large:100%;--awb-margin-top-large:0px;--awb-spacing-right-large:2.82%;--awb-margin-bottom-large:80px;--awb-spacing-left-large:2.82%;--awb-width-medium:100%;--awb-order-medium:0;--awb-spacing-right-medium:2.82%;--awb-spacing-left-medium:2.82%;--awb-width-small:100%;--awb-order-small:0;--awb-spacing-right-small:2.82%;--awb-spacing-left-small:2.82%;\" data-animationType=\"fadeInRight\" data-animationDuration=\"1.0\" data-animationOffset=\"top-into-view\" data-scroll-devices=\"small-visibility,medium-visibility,large-visibility\"><div class=\"fusion-column-wrapper fusion-column-has-shadow fusion-flex-justify-content-flex-start fusion-content-layout-column\"><div class=\"fusion-text fusion-text-1 font_22\" style=\"--awb-content-alignment:center;\"><p>Dive into the enchanting universe of the Mill and let yourself be captivated by our charming trails! Nestled in the heart of a picturesque landscape, the Mill opens its doors to you for an unforgettable experience. Explore &#8216;Wonders in Motion,&#8217; an immersive tour where the Mill comes to life and animates before your amazed eyes, or join our mechanic in machine repairs through the &#8216;A Stitch in Time&#8217; experience.<\/p>\n<\/div><\/div><\/div><\/div><\/div><div class=\"fusion-fullwidth fullwidth-box fusion-builder-row-2 fusion-flex-container has-pattern-background has-mask-background nonhundred-percent-fullwidth non-hundred-percent-height-scrolling\" style=\"--awb-border-radius-top-left:0px;--awb-border-radius-top-right:0px;--awb-border-radius-bottom-right:0px;--awb-border-radius-bottom-left:0px;--awb-flex-wrap:wrap;\" ><div class=\"fusion-builder-row fusion-row fusion-flex-align-items-flex-start fusion-flex-content-wrap\" style=\"max-width:1696px;margin-left: calc(-6% \/ 2 );margin-right: calc(-6% \/ 2 );\"><div class=\"fusion-layout-column fusion_builder_column fusion-builder-column-1 fusion_builder_column_1_3 1_3 fusion-flex-column fusion-flex-align-self-stretch\" style=\"--awb-bg-size:cover;--awb-width-large:33.333333333333%;--awb-margin-top-large:0px;--awb-spacing-right-large:8.46%;--awb-margin-bottom-large:40px;--awb-spacing-left-large:8.46%;--awb-width-medium:33.333333333333%;--awb-order-medium:0;--awb-spacing-right-medium:8.46%;--awb-spacing-left-medium:8.46%;--awb-width-small:100%;--awb-order-small:0;--awb-spacing-right-small:2.82%;--awb-spacing-left-small:2.82%;\" data-scroll-devices=\"small-visibility,medium-visibility,large-visibility\"><div class=\"fusion-column-wrapper fusion-column-has-shadow fusion-flex-justify-content-flex-start fusion-content-layout-column\"><div class=\"fusion-image-element \" style=\"text-align:center;--awb-caption-title-font-family:var(--h2_typography-font-family);--awb-caption-title-font-weight:var(--h2_typography-font-weight);--awb-caption-title-font-style:var(--h2_typography-font-style);--awb-caption-title-size:var(--h2_typography-font-size);--awb-caption-title-transform:var(--h2_typography-text-transform);--awb-caption-title-line-height:var(--h2_typography-line-height);--awb-caption-title-letter-spacing:var(--h2_typography-letter-spacing);\"><span class=\" fusion-imageframe imageframe-none imageframe-1 hover-type-zoomin\"><a class=\"fusion-no-lightbox\" href=\"https:\/\/moulin.ca\/museologie\/exposition-avant-de-perdre-le-fil-realite-augmentee\/\" target=\"_self\" aria-label=\"A Stitch in Time\"><img decoding=\"async\" width=\"1075\" height=\"785\" alt=\"Exposition Avant de perdre le fil - Visite r\u00e9alit\u00e9 augment\u00e9e auto-guid\u00e9e - Moulin \u00e0 laine d&#039;Ulverton - Mus\u00e9e patrimoniale, site historique industriel de transformation de la laine en Estrie\" src=\"https:\/\/moulin.ca\/wp-content\/uploads\/2024\/04\/A-Stitch-in-Time.png\" class=\"img-responsive wp-image-1834\" srcset=\"https:\/\/moulin.ca\/wp-content\/uploads\/2024\/04\/A-Stitch-in-Time-200x146.png 200w, https:\/\/moulin.ca\/wp-content\/uploads\/2024\/04\/A-Stitch-in-Time-400x292.png 400w, https:\/\/moulin.ca\/wp-content\/uploads\/2024\/04\/A-Stitch-in-Time-600x438.png 600w, https:\/\/moulin.ca\/wp-content\/uploads\/2024\/04\/A-Stitch-in-Time-800x584.png 800w, https:\/\/moulin.ca\/wp-content\/uploads\/2024\/04\/A-Stitch-in-Time.png 1075w\" sizes=\"(max-width: 640px) 100vw, 600px\" \/><\/a><\/span><\/div><\/div><\/div><div class=\"fusion-layout-column fusion_builder_column fusion-builder-column-2 fusion_builder_column_2_3 2_3 fusion-flex-column fusion-flex-align-self-stretch\" style=\"--awb-bg-size:cover;--awb-width-large:66.666666666667%;--awb-margin-top-large:0px;--awb-spacing-right-large:4.23%;--awb-margin-bottom-large:80px;--awb-spacing-left-large:4.23%;--awb-width-medium:66.666666666667%;--awb-order-medium:0;--awb-spacing-right-medium:4.23%;--awb-spacing-left-medium:4.23%;--awb-width-small:100%;--awb-order-small:0;--awb-spacing-right-small:2.82%;--awb-spacing-left-small:2.82%;\" data-scroll-devices=\"small-visibility,medium-visibility,large-visibility\"><div class=\"fusion-column-wrapper fusion-column-has-shadow fusion-flex-justify-content-center fusion-content-layout-column\"><div class=\"fusion-title title fusion-title-1 fusion-sep-none fusion-title-text fusion-title-size-paragraph tag-date\" style=\"--awb-margin-top:0px;--awb-margin-bottom:5px;--awb-margin-top-small:0px;--awb-margin-right-small:0px;--awb-margin-bottom-small:15px;--awb-margin-left-small:0px;\"><p class=\"fusion-title-heading title-heading-left title-heading-tag\" style=\"margin:0;text-transform:none;\">INNOVATING AR TOUR<\/p><\/div><div class=\"fusion-title title fusion-title-2 fusion-sep-none fusion-title-text fusion-title-size-two\" style=\"--awb-margin-top:0px;--awb-margin-bottom:10px;--awb-margin-top-small:0px;--awb-margin-right-small:0px;--awb-margin-bottom-small:15px;--awb-margin-left-small:0px;\"><h2 class=\"fusion-title-heading title-heading-left\" style=\"margin:0;text-transform:none;\"><h3 class=\"fusion-title-heading title-heading-left\">A Stitch in Time<\/h3><\/h2><\/div><div class=\"fusion-text fusion-text-2\"><p><strong>Augmented Reality. <b>Departures :\u00a0 9:30 &#8211; 10:45 &#8211; 12:15 &#8211; 13:00 &#8211; 14:15 &#8211; 15h45<\/b><\/strong><\/p>\n<p>Accompanied by a character worried about never seeing the machines work again, the visitor embarks on an adventure to preserve the memory of the place and the industrial heritage of the Old Wool Mill.<\/p>\n<\/div><div class=\"fusion-separator fusion-full-width-sep\" style=\"align-self: center;margin-left: auto;margin-right: auto;margin-bottom:10px;width:100%;\"><\/div><div ><a class=\"fusion-button button-flat fusion-button-default-size button-lightgray fusion-button-lightgray button-1 fusion-button-default-span fusion-button-default-type fusion-animated\" data-animationType=\"bounceIn\" data-animationDuration=\"0.5\" data-animationOffset=\"top-into-view\" target=\"_self\" title=\"Learn more about the &#039;A Stitch in Time&#039; Exhibition - Self-Guided Augmented Reality Tour - Ulverton Wool Mill - Heritage Museum, Historic Industrial Wool Processing Site in Estrie\" aria-label=\"Learn more about the &#039;A Stitch in Time&#039; Exhibition - Self-Guided Augmented Reality Tour - Ulverton Wool Mill - Heritage Museum, Historic Industrial Wool Processing Site in Estrie\" href=\"https:\/\/moulin.ca\/en\/museum\/the-a-stitch-in-time-exhibition-augmented-reality\/\"><span class=\"fusion-button-text awb-button__text awb-button__text--default\">Learn more<\/span><\/a><\/div><\/div><\/div><\/div><\/div><div class=\"fusion-fullwidth fullwidth-box fusion-builder-row-3 fusion-flex-container has-pattern-background has-mask-background nonhundred-percent-fullwidth non-hundred-percent-height-scrolling\" style=\"--awb-border-radius-top-left:0px;--awb-border-radius-top-right:0px;--awb-border-radius-bottom-right:0px;--awb-border-radius-bottom-left:0px;--awb-flex-wrap:wrap;\" ><div class=\"fusion-builder-row fusion-row fusion-flex-align-items-flex-start fusion-flex-content-wrap\" style=\"max-width:1696px;margin-left: calc(-6% \/ 2 );margin-right: calc(-6% \/ 2 );\"><div class=\"fusion-layout-column fusion_builder_column fusion-builder-column-3 fusion_builder_column_1_1 1_1 fusion-flex-column\" style=\"--awb-bg-size:cover;--awb-width-large:100%;--awb-margin-top-large:0px;--awb-spacing-right-large:2.82%;--awb-margin-bottom-large:80px;--awb-spacing-left-large:2.82%;--awb-width-medium:100%;--awb-order-medium:0;--awb-spacing-right-medium:2.82%;--awb-spacing-left-medium:2.82%;--awb-width-small:100%;--awb-order-small:0;--awb-spacing-right-small:2.82%;--awb-spacing-left-small:2.82%;\"><div class=\"fusion-column-wrapper fusion-column-has-shadow fusion-flex-justify-content-flex-start fusion-content-layout-column\"><div class=\"fusion-separator fusion-full-width-sep\" style=\"align-self: center;margin-left: auto;margin-right: auto;width:100%;\"><div class=\"fusion-separator-border sep-single sep-solid\" style=\"--awb-height:20px;--awb-amount:20px;border-color:var(--awb-color3);border-top-width:1px;\"><\/div><\/div><\/div><\/div><\/div><\/div><div class=\"fusion-fullwidth fullwidth-box fusion-builder-row-4 fusion-flex-container has-pattern-background has-mask-background nonhundred-percent-fullwidth non-hundred-percent-height-scrolling\" style=\"--awb-border-radius-top-left:0px;--awb-border-radius-top-right:0px;--awb-border-radius-bottom-right:0px;--awb-border-radius-bottom-left:0px;--awb-flex-wrap:wrap;\" ><div class=\"fusion-builder-row fusion-row fusion-flex-align-items-flex-start fusion-flex-content-wrap\" style=\"max-width:1696px;margin-left: calc(-6% \/ 2 );margin-right: calc(-6% \/ 2 );\"><div class=\"fusion-layout-column fusion_builder_column fusion-builder-column-4 fusion_builder_column_1_3 1_3 fusion-flex-column fusion-flex-align-self-stretch\" style=\"--awb-bg-size:cover;--awb-width-large:33.333333333333%;--awb-margin-top-large:0px;--awb-spacing-right-large:8.46%;--awb-margin-bottom-large:40px;--awb-spacing-left-large:8.46%;--awb-width-medium:33.333333333333%;--awb-order-medium:0;--awb-spacing-right-medium:8.46%;--awb-spacing-left-medium:8.46%;--awb-width-small:100%;--awb-order-small:0;--awb-spacing-right-small:2.82%;--awb-spacing-left-small:2.82%;\" data-scroll-devices=\"small-visibility,medium-visibility,large-visibility\"><div class=\"fusion-column-wrapper fusion-column-has-shadow fusion-flex-justify-content-flex-start fusion-content-layout-column\"><div class=\"fusion-image-element \" style=\"text-align:center;--awb-caption-title-font-family:var(--h2_typography-font-family);--awb-caption-title-font-weight:var(--h2_typography-font-weight);--awb-caption-title-font-style:var(--h2_typography-font-style);--awb-caption-title-size:var(--h2_typography-font-size);--awb-caption-title-transform:var(--h2_typography-text-transform);--awb-caption-title-line-height:var(--h2_typography-line-height);--awb-caption-title-letter-spacing:var(--h2_typography-letter-spacing);\"><span class=\" fusion-imageframe imageframe-none imageframe-2 hover-type-zoomin\"><a class=\"fusion-no-lightbox\" href=\"https:\/\/moulin.ca\/museologie\/exposition-en-avant-les-machines-visite-guidee\/\" target=\"_self\" aria-label=\"en-avant-les-machines-Moulin-Ulverton-02\"><img decoding=\"async\" width=\"1200\" height=\"800\" alt=\"Exposition En avant les machines! visites guid\u00e9es - Moulin \u00e0 laine d&#039;Ulverton - Mus\u00e9e patrimoniale, site historique industriel de transformation de la laine en Estrie\" src=\"https:\/\/moulin.ca\/wp-content\/uploads\/2023\/09\/en-avant-les-machines-Moulin-Ulverton-02.jpg\" class=\"img-responsive wp-image-700\" srcset=\"https:\/\/moulin.ca\/wp-content\/uploads\/2023\/09\/en-avant-les-machines-Moulin-Ulverton-02-200x133.jpg 200w, https:\/\/moulin.ca\/wp-content\/uploads\/2023\/09\/en-avant-les-machines-Moulin-Ulverton-02-400x267.jpg 400w, https:\/\/moulin.ca\/wp-content\/uploads\/2023\/09\/en-avant-les-machines-Moulin-Ulverton-02-600x400.jpg 600w, https:\/\/moulin.ca\/wp-content\/uploads\/2023\/09\/en-avant-les-machines-Moulin-Ulverton-02-800x533.jpg 800w, https:\/\/moulin.ca\/wp-content\/uploads\/2023\/09\/en-avant-les-machines-Moulin-Ulverton-02.jpg 1200w\" sizes=\"(max-width: 640px) 100vw, 600px\" \/><\/a><\/span><\/div><\/div><\/div><div class=\"fusion-layout-column fusion_builder_column fusion-builder-column-5 fusion_builder_column_2_3 2_3 fusion-flex-column fusion-flex-align-self-stretch\" style=\"--awb-bg-size:cover;--awb-width-large:66.666666666667%;--awb-margin-top-large:0px;--awb-spacing-right-large:4.23%;--awb-margin-bottom-large:80px;--awb-spacing-left-large:4.23%;--awb-width-medium:66.666666666667%;--awb-order-medium:0;--awb-spacing-right-medium:4.23%;--awb-spacing-left-medium:4.23%;--awb-width-small:100%;--awb-order-small:0;--awb-spacing-right-small:2.82%;--awb-spacing-left-small:2.82%;\" data-scroll-devices=\"small-visibility,medium-visibility,large-visibility\"><div class=\"fusion-column-wrapper fusion-column-has-shadow fusion-flex-justify-content-center fusion-content-layout-column\"><div class=\"fusion-title title fusion-title-3 fusion-sep-none fusion-title-text fusion-title-size-paragraph tag-date\" style=\"--awb-margin-top:0px;--awb-margin-bottom:5px;--awb-margin-top-small:0px;--awb-margin-right-small:0px;--awb-margin-bottom-small:15px;--awb-margin-left-small:0px;\"><p class=\"fusion-title-heading title-heading-left title-heading-tag\" style=\"margin:0;text-transform:none;\">GUIDED TOUR<\/p><\/div><div class=\"fusion-title title fusion-title-4 fusion-sep-none fusion-title-text fusion-title-size-two\" style=\"--awb-margin-top:0px;--awb-margin-bottom:10px;--awb-margin-top-small:0px;--awb-margin-right-small:0px;--awb-margin-bottom-small:15px;--awb-margin-left-small:0px;\"><h2 class=\"fusion-title-heading title-heading-left\" style=\"margin:0;text-transform:none;\"><h3 class=\"fusion-title-heading title-heading-left\">Wool Machines Wonders in Motion!<\/h3><\/h2><\/div><div class=\"fusion-text fusion-text-3\"><p data-start=\"132\" data-end=\"252\"><strong data-start=\"132\" data-end=\"209\">Departures in French at 9:30 &#8211; 11:00 &#8211; 13:00 &#8211; 16:00<\/strong><br data-start=\"209\" data-end=\"212\" \/><strong data-start=\"212\" data-end=\"252\">English tours available at 14:30<\/strong><\/p>\n<p data-start=\"254\" data-end=\"522\"><strong data-start=\"254\" data-end=\"327\">An immersive tour where the Mill comes to life before your very eyes.<\/strong><br data-start=\"327\" data-end=\"330\" \/>Through our permanent exhibition <em data-start=\"363\" data-end=\"398\">\u201cWool Machine Wonders in Motion!\u201d<\/em>, step back into the era of the first textile industries that took root in the Val Saint-Fran\u00e7ois in the early 19th century.<\/p>\n<\/div><div class=\"fusion-separator fusion-full-width-sep\" style=\"align-self: center;margin-left: auto;margin-right: auto;margin-bottom:10px;width:100%;\"><\/div><div ><a class=\"fusion-button button-flat fusion-button-default-size button-lightgray fusion-button-lightgray button-2 fusion-button-default-span fusion-button-default-type fusion-animated\" data-animationType=\"bounceIn\" data-animationDuration=\"0.5\" data-animationOffset=\"top-into-view\" target=\"_self\" title=\"Learn more about the &#039;Wool Machines Wonders in Motion!&#039; Exhibition - Guided Tours - Ulverton Wool Mill - Heritage Museum, Historic Industrial Wool Processing Site in Estrie\" aria-label=\"Learn more about the &#039;Wool Machines Wonders in Motion!&#039; Exhibition - Guided Tours - Ulverton Wool Mill - Heritage Museum, Historic Industrial Wool Processing Site in Estrie\" href=\"https:\/\/moulin.ca\/en\/museum\/wool-machines-wonders-in-motions-exhibition-guided-tour\/\"><span class=\"fusion-button-text awb-button__text awb-button__text--default\">Learn more<\/span><\/a><\/div><\/div><\/div><\/div><\/div><\/p>\n","protected":false},"excerpt":{"rendered":"","protected":false},"author":1,"featured_media":0,"parent":0,"menu_order":0,"comment_status":"closed","ping_status":"closed","template":"100-width.php","meta":{"_acf_changed":false,"footnotes":""},"class_list":["post-1837","page","type-page","status-publish","hentry"],"acf":[],"yoast_head":"<!-- This site is optimized with the Yoast SEO plugin v27.4 - https:\/\/yoast.com\/product\/yoast-seo-wordpress\/ -->\n<title>Museum - Ulverton Wool Mill<\/title>\n<meta name=\"description\" content=\"Museum - Ulverton Wool Mill\" \/>\n<meta name=\"robots\" content=\"index, follow, max-snippet:-1, max-image-preview:large, max-video-preview:-1\" \/>\n<link rel=\"canonical\" href=\"https:\/\/moulin.ca\/en\/museum\/\" \/>\n<meta property=\"og:locale\" content=\"en_US\" \/>\n<meta property=\"og:type\" content=\"article\" \/>\n<meta property=\"og:title\" content=\"Museum - Ulverton Wool Mill\" \/>\n<meta property=\"og:description\" content=\"Museum - Ulverton Wool Mill\" \/>\n<meta property=\"og:url\" content=\"https:\/\/moulin.ca\/en\/museum\/\" \/>\n<meta property=\"og:site_name\" content=\"Ulverton Wool Mill\" \/>\n<meta property=\"article:publisher\" content=\"https:\/\/www.facebook.com\/UlvertonWoolenMills\" \/>\n<meta property=\"article:modified_time\" content=\"2025-11-11T19:15:20+00:00\" \/>\n<meta property=\"og:image\" content=\"https:\/\/moulin.ca\/wp-content\/uploads\/2023\/09\/fbk-Moulin-Ulverton.png\" \/>\n\t<meta property=\"og:image:width\" content=\"1200\" \/>\n\t<meta property=\"og:image:height\" content=\"630\" \/>\n\t<meta property=\"og:image:type\" content=\"image\/png\" \/>\n<meta name=\"twitter:card\" content=\"summary_large_image\" \/>\n<meta name=\"twitter:label1\" content=\"Est. reading time\" \/>\n\t<meta name=\"twitter:data1\" content=\"2 minutes\" \/>\n<script type=\"application\/ld+json\" class=\"yoast-schema-graph\">{\"@context\":\"https:\\\/\\\/schema.org\",\"@graph\":[{\"@type\":\"WebPage\",\"@id\":\"https:\\\/\\\/moulin.ca\\\/en\\\/museum\\\/\",\"url\":\"https:\\\/\\\/moulin.ca\\\/en\\\/museum\\\/\",\"name\":\"Museum - Ulverton Wool Mill\",\"isPartOf\":{\"@id\":\"https:\\\/\\\/moulin.ca\\\/#website\"},\"datePublished\":\"2023-09-12T15:49:24+00:00\",\"dateModified\":\"2025-11-11T19:15:20+00:00\",\"description\":\"Museum - Ulverton Wool Mill\",\"breadcrumb\":{\"@id\":\"https:\\\/\\\/moulin.ca\\\/en\\\/museum\\\/#breadcrumb\"},\"inLanguage\":\"en-US\",\"potentialAction\":[{\"@type\":\"ReadAction\",\"target\":[\"https:\\\/\\\/moulin.ca\\\/en\\\/museum\\\/\"]}]},{\"@type\":\"BreadcrumbList\",\"@id\":\"https:\\\/\\\/moulin.ca\\\/en\\\/museum\\\/#breadcrumb\",\"itemListElement\":[{\"@type\":\"ListItem\",\"position\":1,\"name\":\"Accueil\",\"item\":\"https:\\\/\\\/moulin.ca\\\/en\\\/\"},{\"@type\":\"ListItem\",\"position\":2,\"name\":\"Museum\"}]},{\"@type\":\"WebSite\",\"@id\":\"https:\\\/\\\/moulin.ca\\\/#website\",\"url\":\"https:\\\/\\\/moulin.ca\\\/\",\"name\":\"Moulin \u00e0 laine d'Ulverton\",\"description\":\"Wonders in Motion!\",\"publisher\":{\"@id\":\"https:\\\/\\\/moulin.ca\\\/#organization\"},\"alternateName\":\"Moulin \u00e0 laine d'Ulverton\",\"potentialAction\":[{\"@type\":\"SearchAction\",\"target\":{\"@type\":\"EntryPoint\",\"urlTemplate\":\"https:\\\/\\\/moulin.ca\\\/?s={search_term_string}\"},\"query-input\":{\"@type\":\"PropertyValueSpecification\",\"valueRequired\":true,\"valueName\":\"search_term_string\"}}],\"inLanguage\":\"en-US\"},{\"@type\":\"Organization\",\"@id\":\"https:\\\/\\\/moulin.ca\\\/#organization\",\"name\":\"Moulin \u00e0 laine d'Ulverton\",\"url\":\"https:\\\/\\\/moulin.ca\\\/\",\"logo\":{\"@type\":\"ImageObject\",\"inLanguage\":\"en-US\",\"@id\":\"https:\\\/\\\/moulin.ca\\\/#\\\/schema\\\/logo\\\/image\\\/\",\"url\":\"https:\\\/\\\/moulin.ca\\\/wp-content\\\/uploads\\\/2023\\\/09\\\/logo-Moulin-Ulverton-1.png\",\"contentUrl\":\"https:\\\/\\\/moulin.ca\\\/wp-content\\\/uploads\\\/2023\\\/09\\\/logo-Moulin-Ulverton-1.png\",\"width\":180,\"height\":180,\"caption\":\"Moulin \u00e0 laine d'Ulverton\"},\"image\":{\"@id\":\"https:\\\/\\\/moulin.ca\\\/#\\\/schema\\\/logo\\\/image\\\/\"},\"sameAs\":[\"https:\\\/\\\/www.facebook.com\\\/UlvertonWoolenMills\",\"https:\\\/\\\/www.instagram.com\\\/moulin_ulverton\\\/\"]}]}<\/script>\n<!-- \/ Yoast SEO plugin. -->","yoast_head_json":{"title":"Museum - Ulverton Wool Mill","description":"Museum - Ulverton Wool Mill","robots":{"index":"index","follow":"follow","max-snippet":"max-snippet:-1","max-image-preview":"max-image-preview:large","max-video-preview":"max-video-preview:-1"},"canonical":"https:\/\/moulin.ca\/en\/museum\/","og_locale":"en_US","og_type":"article","og_title":"Museum - Ulverton Wool Mill","og_description":"Museum - Ulverton Wool Mill","og_url":"https:\/\/moulin.ca\/en\/museum\/","og_site_name":"Ulverton Wool Mill","article_publisher":"https:\/\/www.facebook.com\/UlvertonWoolenMills","article_modified_time":"2025-11-11T19:15:20+00:00","og_image":[{"width":1200,"height":630,"url":"https:\/\/moulin.ca\/wp-content\/uploads\/2023\/09\/fbk-Moulin-Ulverton.png","type":"image\/png"}],"twitter_card":"summary_large_image","twitter_misc":{"Est. reading time":"2 minutes"},"schema":{"@context":"https:\/\/schema.org","@graph":[{"@type":"WebPage","@id":"https:\/\/moulin.ca\/en\/museum\/","url":"https:\/\/moulin.ca\/en\/museum\/","name":"Museum - Ulverton Wool Mill","isPartOf":{"@id":"https:\/\/moulin.ca\/#website"},"datePublished":"2023-09-12T15:49:24+00:00","dateModified":"2025-11-11T19:15:20+00:00","description":"Museum - Ulverton Wool Mill","breadcrumb":{"@id":"https:\/\/moulin.ca\/en\/museum\/#breadcrumb"},"inLanguage":"en-US","potentialAction":[{"@type":"ReadAction","target":["https:\/\/moulin.ca\/en\/museum\/"]}]},{"@type":"BreadcrumbList","@id":"https:\/\/moulin.ca\/en\/museum\/#breadcrumb","itemListElement":[{"@type":"ListItem","position":1,"name":"Accueil","item":"https:\/\/moulin.ca\/en\/"},{"@type":"ListItem","position":2,"name":"Museum"}]},{"@type":"WebSite","@id":"https:\/\/moulin.ca\/#website","url":"https:\/\/moulin.ca\/","name":"Moulin \u00e0 laine d'Ulverton","description":"Wonders in Motion!","publisher":{"@id":"https:\/\/moulin.ca\/#organization"},"alternateName":"Moulin \u00e0 laine d'Ulverton","potentialAction":[{"@type":"SearchAction","target":{"@type":"EntryPoint","urlTemplate":"https:\/\/moulin.ca\/?s={search_term_string}"},"query-input":{"@type":"PropertyValueSpecification","valueRequired":true,"valueName":"search_term_string"}}],"inLanguage":"en-US"},{"@type":"Organization","@id":"https:\/\/moulin.ca\/#organization","name":"Moulin \u00e0 laine d'Ulverton","url":"https:\/\/moulin.ca\/","logo":{"@type":"ImageObject","inLanguage":"en-US","@id":"https:\/\/moulin.ca\/#\/schema\/logo\/image\/","url":"https:\/\/moulin.ca\/wp-content\/uploads\/2023\/09\/logo-Moulin-Ulverton-1.png","contentUrl":"https:\/\/moulin.ca\/wp-content\/uploads\/2023\/09\/logo-Moulin-Ulverton-1.png","width":180,"height":180,"caption":"Moulin \u00e0 laine d'Ulverton"},"image":{"@id":"https:\/\/moulin.ca\/#\/schema\/logo\/image\/"},"sameAs":["https:\/\/www.facebook.com\/UlvertonWoolenMills","https:\/\/www.instagram.com\/moulin_ulverton\/"]}]}},"_links":{"self":[{"href":"https:\/\/moulin.ca\/en\/wp-json\/wp\/v2\/pages\/1837","targetHints":{"allow":["GET"]}}],"collection":[{"href":"https:\/\/moulin.ca\/en\/wp-json\/wp\/v2\/pages"}],"about":[{"href":"https:\/\/moulin.ca\/en\/wp-json\/wp\/v2\/types\/page"}],"author":[{"embeddable":true,"href":"https:\/\/moulin.ca\/en\/wp-json\/wp\/v2\/users\/1"}],"replies":[{"embeddable":true,"href":"https:\/\/moulin.ca\/en\/wp-json\/wp\/v2\/comments?post=1837"}],"version-history":[{"count":0,"href":"https:\/\/moulin.ca\/en\/wp-json\/wp\/v2\/pages\/1837\/revisions"}],"wp:attachment":[{"href":"https:\/\/moulin.ca\/en\/wp-json\/wp\/v2\/media?parent=1837"}],"curies":[{"name":"wp","href":"https:\/\/api.w.org\/{rel}","templated":true}]}}